{"id":1382217,"date":"2025-03-25T09:07:05","date_gmt":"2025-03-25T08:07:05","guid":{"rendered":"https:\/\/vareninutrecht.nl\/kreuzfahrt\/"},"modified":"2025-05-21T08:56:52","modified_gmt":"2025-05-21T06:56:52","slug":"kreuzfahrt","status":"publish","type":"page","link":"https:\/\/vareninutrecht.nl\/de\/kreuzfahrt\/","title":{"rendered":"Kreuzfahrt"},"content":{"rendered":"<p>[et_pb_section fb_built=&#8220;1&#8243; _builder_version=&#8220;4.27.4&#8243; _module_preset=&#8220;default&#8220; background_image=&#8220;https:\/\/vareninutrecht.nl\/wp-content\/uploads\/rondvaart-scaled.webp&#8220; global_colors_info=&#8220;{}&#8220;][et_pb_row column_structure=&#8220;1_2,1_2&#8243; _builder_version=&#8220;4.27.4&#8243; _module_preset=&#8220;default&#8220; custom_margin=&#8220;45px||||false|false&#8220; custom_padding=&#8220;|0px||0px||&#8220; global_colors_info=&#8220;{}&#8220;][et_pb_column type=&#8220;1_2&#8243; _builder_version=&#8220;4.27.4&#8243; _module_preset=&#8220;default&#8220; global_colors_info=&#8220;{}&#8220;][et_pb_text _builder_version=&#8220;4.27.4&#8243; _module_preset=&#8220;default&#8220; text_text_color=&#8220;#FFFFFF&#8220; text_font_size=&#8220;20px&#8220; text_orientation=&#8220;center&#8220; custom_margin=&#8220;5px||||false|false&#8220; box_shadow_style=&#8220;preset6&#8243; box_shadow_vertical=&#8220;80px&#8220; global_colors_info=&#8220;{}&#8220;]<\/p>\n<p style=\"text-align: left;\">Wir hei\u00dfen Sie herzlich willkommen bei Rondvaart in Utrecht!<\/p>\n<p>[\/et_pb_text][\/et_pb_column][et_pb_column type=&#8220;1_2&#8243; _builder_version=&#8220;4.27.4&#8243; _module_preset=&#8220;default&#8220; global_colors_info=&#8220;{}&#8220;][\/et_pb_column][\/et_pb_row][et_pb_row _builder_version=&#8220;4.27.4&#8243; _module_preset=&#8220;default&#8220; custom_margin=&#8220;45px||||false|false&#8220; custom_padding=&#8220;|0px||0px||&#8220; global_colors_info=&#8220;{}&#8220;][et_pb_column type=&#8220;4_4&#8243; _builder_version=&#8220;4.27.4&#8243; _module_preset=&#8220;default&#8220; global_colors_info=&#8220;{}&#8220;][et_pb_button button_url=&#8220;https:\/\/fareharbor.com\/embeds\/book\/vareninutrecht\/?full-items=yes&amp;flow=1369294&#8243; button_text=&#8220;JETZT BUCHEN&#8220; button_alignment=&#8220;left&#8220; _builder_version=&#8220;4.27.4&#8243; _module_preset=&#8220;default&#8220; custom_margin=&#8220;-25px||||false|false&#8220; global_colors_info=&#8220;{}&#8220;][\/et_pb_button][\/et_pb_column][\/et_pb_row][\/et_pb_section][et_pb_section fb_built=&#8220;1&#8243; _builder_version=&#8220;4.27.4&#8243; _module_preset=&#8220;default&#8220; global_colors_info=&#8220;{}&#8220;][et_pb_row column_structure=&#8220;1_2,1_2&#8243; _builder_version=&#8220;4.27.4&#8243; _module_preset=&#8220;default&#8220; global_colors_info=&#8220;{}&#8220;][et_pb_column type=&#8220;1_2&#8243; _builder_version=&#8220;4.27.4&#8243; _module_preset=&#8220;default&#8220; global_colors_info=&#8220;{}&#8220;][et_pb_image src=&#8220;https:\/\/vareninutrecht.nl\/wp-content\/uploads\/Rondvaart-Utrecht.jpg&#8220; title_text=&#8220;Grachtenfahrt Utrecht&#8220; _builder_version=&#8220;4.27.4&#8243; _module_preset=&#8220;default&#8220; hover_enabled=&#8220;0&#8243; border_radii=&#8220;on|15px|15px|15px|15px&#8220; global_colors_info=&#8220;{}&#8220; custom_margin=&#8220;10px||||false|false&#8220; sticky_enabled=&#8220;0&#8243;][\/et_pb_image][\/et_pb_column][et_pb_column type=&#8220;1_2&#8243; _builder_version=&#8220;4.27.4&#8243; _module_preset=&#8220;default&#8220; global_colors_info=&#8220;{}&#8220;][et_pb_text _builder_version=&#8220;4.27.4&#8243; _module_preset=&#8220;default&#8220; custom_padding=&#8220;||5px||false|false&#8220; global_colors_info=&#8220;{}&#8220;]<\/p>\n<h1><strong>Gef\u00fchrte Kreuzfahrt<\/strong><\/h1>\n<p>W\u00e4hrend einer 1-st\u00fcndigen Grachtenfahrt fahren Sie \u00fcber die <a href=\"https:\/\/vareninutrecht.nl\/utrechtse-binnenstad\/\">Oudegracht und die Grachten<\/a> rund um das Stadtzentrum von Utrecht mit seinen vielen Sehensw\u00fcrdigkeiten. Utrecht hat eine bedeutende historische Geschichte. Sie kommen am Domturm, den einzigartigen Werften und Kellern, mittelalterlichen Br\u00fccken und sch\u00f6nen Geb\u00e4uden, dem gr\u00fcnen Zocher-Park und nat\u00fcrlich den unverwechselbaren und gem\u00fctlichen Uferterrassen vorbei. Der Reiseleiter wird Ihnen einige dieser Sehensw\u00fcrdigkeiten, die Sie vom Wasser aus sehen k\u00f6nnen, erkl\u00e4ren. <\/p>\n<p>Unsere Grachtenboote sind elektrisch, so dass Sie Utrecht in aller Ruhe vom Wasser aus genie\u00dfen k\u00f6nnen.<\/p>\n<p>[\/et_pb_text][et_pb_text _builder_version=&#8220;4.27.4&#8243; _module_preset=&#8220;default&#8220; background_color=&#8220;#DDF3FC&#8220; custom_margin=&#8220;-30px|3px|||false|false&#8220; hover_enabled=&#8220;0&#8243; border_radii=&#8220;on|10px|10px|10px|10px&#8220; global_colors_info=&#8220;{}&#8220; sticky_enabled=&#8220;0&#8243;]<\/p>\n<table border=\"1\" style=\"border-collapse: collapse; width: 100%; height: 58px;\">\n<tbody>\n<tr style=\"height: 24px;\">\n<td style=\"width: 29.2881%; height: 24px;\">\n<p><strong>Alter<\/strong><\/p>\n<p>Ab 13 Jahren<\/p>\n<\/td>\n<td style=\"width: 70.7119%; height: 24px;\">\n<p><strong>Bewerten Sie<\/strong><\/p>\n<p>\u20ac 18.00<\/p>\n<\/td>\n<\/tr>\n<tr style=\"height: 10px;\">\n<td style=\"width: 29.2881%; height: 10px;\">4 bis 12<\/td>\n<td style=\"width: 70.7119%; height: 10px;\">\u20ac 13.00<\/td>\n<\/tr>\n<tr style=\"height: 10px;\">\n<td style=\"width: 29.2881%; height: 14px;\">0 bis 3 Jahre<\/td>\n<td style=\"width: 70.7119%; height: 14px;\">Frei auf dem Scho\u00df<\/td>\n<\/tr>\n<tr style=\"height: 10px;\">\n<td style=\"width: 29.2881%; height: 10px;\"><strong>Inklusive<\/strong><\/td>\n<td style=\"width: 70.7119%; height: 10px;\">1 Stunde Kreuzfahrt, Skipper, F\u00fchrer<\/td>\n<\/tr>\n<\/tbody>\n<\/table>\n<p>[\/et_pb_text][et_pb_button button_url=&#8220;https:\/\/fareharbor.com\/embeds\/book\/vareninutrecht\/?full-items=yes&amp;flow=1369294&#8243; button_text=&#8220;JETZT BUCHEN&#8220; button_alignment=&#8220;right&#8220; _builder_version=&#8220;4.27.4&#8243; _module_preset=&#8220;default&#8220; custom_margin=&#8220;-25px||||false|false&#8220; global_colors_info=&#8220;{}&#8220;][\/et_pb_button][\/et_pb_column][\/et_pb_row][et_pb_row _builder_version=&#8220;4.27.4&#8243; _module_preset=&#8220;default&#8220; global_colors_info=&#8220;{}&#8220;][et_pb_column type=&#8220;4_4&#8243; _builder_version=&#8220;4.27.4&#8243; _module_preset=&#8220;default&#8220; global_colors_info=&#8220;{}&#8220;][et_pb_code _builder_version=&#8220;4.27.4&#8243; _module_preset=&#8220;default&#8220; global_colors_info=&#8220;{}&#8220;]<!-- FareHarbor calendar --><!-- [et_pb_line_break_holder] --><script data-cfasync=\"false\" src=\"https:\/\/fareharbor.com\/embeds\/script\/calendar-small\/vareninutrecht\/?fallback=simple&amp;full-items=yes\"><\/script>[\/et_pb_code][\/et_pb_column][\/et_pb_row][\/et_pb_section]<\/p>\n","protected":false},"excerpt":{"rendered":"<p>Wir hei\u00dfen Sie herzlich willkommen bei Rondvaart in Utrecht!Gef\u00fchrte Kreuzfahrt W\u00e4hrend einer 1-st\u00fcndigen Grachtenfahrt fahren Sie \u00fcber die Oudegracht und die Grachten rund um das Stadtzentrum von Utrecht mit seinen vielen Sehensw\u00fcrdigkeiten. Utrecht hat eine bedeutende historische Geschichte. Sie kommen am Domturm, den einzigartigen Werften und Kellern, mittelalterlichen Br\u00fccken und sch\u00f6nen Geb\u00e4uden, dem gr\u00fcnen Zocher-Park\u2026 <a href=\"https:\/\/vareninutrecht.nl\/de\/kreuzfahrt\/\">Read More &raquo;<\/a><\/p>\n","protected":false},"author":2,"featured_media":1377489,"parent":0,"menu_order":58,"comment_status":"closed","ping_status":"closed","template":"","meta":{"_acf_changed":false,"_et_pb_use_builder":"on","_et_pb_old_content":"","_et_gb_content_width":"","footnotes":""},"class_list":["post-1382217","page","type-page","status-publish","has-post-thumbnail","hentry"],"acf":[],"_links":{"self":[{"href":"https:\/\/vareninutrecht.nl\/de\/wp-json\/wp\/v2\/pages\/1382217","targetHints":{"allow":["GET"]}}],"collection":[{"href":"https:\/\/vareninutrecht.nl\/de\/wp-json\/wp\/v2\/pages"}],"about":[{"href":"https:\/\/vareninutrecht.nl\/de\/wp-json\/wp\/v2\/types\/page"}],"author":[{"embeddable":true,"href":"https:\/\/vareninutrecht.nl\/de\/wp-json\/wp\/v2\/users\/2"}],"replies":[{"embeddable":true,"href":"https:\/\/vareninutrecht.nl\/de\/wp-json\/wp\/v2\/comments?post=1382217"}],"version-history":[{"count":3,"href":"https:\/\/vareninutrecht.nl\/de\/wp-json\/wp\/v2\/pages\/1382217\/revisions"}],"predecessor-version":[{"id":1382580,"href":"https:\/\/vareninutrecht.nl\/de\/wp-json\/wp\/v2\/pages\/1382217\/revisions\/1382580"}],"wp:featuredmedia":[{"embeddable":true,"href":"https:\/\/vareninutrecht.nl\/de\/wp-json\/wp\/v2\/media\/1377489"}],"wp:attachment":[{"href":"https:\/\/vareninutrecht.nl\/de\/wp-json\/wp\/v2\/media?parent=1382217"}],"curies":[{"name":"wp","href":"https:\/\/api.w.org\/{rel}","templated":true}]}}