{"id":1377911,"date":"2015-04-23T10:48:43","date_gmt":"2015-04-23T08:48:43","guid":{"rendered":"https:\/\/vareninutrecht.nl\/allgemeine-bedingungen-und-konditionen\/"},"modified":"2023-05-03T12:57:05","modified_gmt":"2023-05-03T10:57:05","slug":"allgemeine-bedingungen-und-konditionen","status":"publish","type":"page","link":"https:\/\/vareninutrecht.nl\/de\/allgemeine-bedingungen-und-konditionen\/","title":{"rendered":"Allgemeine Bedingungen und Konditionen"},"content":{"rendered":"<p>[et_pb_section fb_built=&#8220;1&#8243; admin_label=&#8220;section&#8220; _builder_version=&#8220;4.16&#8243; global_colors_info=&#8220;{}&#8220; theme_builder_area=&#8220;post_content&#8220;][et_pb_row column_structure=&#8220;2_3,1_3&#8243; admin_label=&#8220;Zeile&#8220; _builder_version=&#8220;4.16&#8243; background_size=&#8220;initial&#8220; background_position=&#8220;top_left&#8220; background_repeat=&#8220;repeat&#8220; global_colors_info=&#8220;{}&#8220; theme_builder_area=&#8220;post_content&#8220;][et_pb_column type=&#8220;2_3&#8243; _builder_version=&#8220;4.16&#8243; custom_padding=&#8220;|||&#8220; global_colors_info=&#8220;{}&#8220; custom_padding__hover=&#8220;|||&#8220; theme_builder_area=&#8220;post_content&#8220;][et_pb_post_title meta=&#8220;off&#8220; featured_image=&#8220;off&#8220; _builder_version=&#8220;4.20.2&#8243; _module_preset=&#8220;default&#8220; global_colors_info=&#8220;{}&#8220; theme_builder_area=&#8220;post_content&#8220;][\/et_pb_post_title][et_pb_text admin_label=&#8220;Text&#8220; _builder_version=&#8220;4.20.2&#8243; background_size=&#8220;initial&#8220; background_position=&#8220;top_left&#8220; background_repeat=&#8220;repeat&#8220; global_colors_info=&#8220;{}&#8220; theme_builder_area=&#8220;post_content&#8220;]<strong>Anzahl der Personen<\/strong><br \/>\nSie k\u00f6nnen die Anzahl der Personen\/Teilnehmer bis sp\u00e4testens 10 Tage vor dem Abfahrtstermin mitteilen. Kleine \u00c4nderungen bis zu 10% der uns bekannten Anzahl k\u00f6nnen uns bis zu 3 Tage vor dem Abfahrtsdatum mitgeteilt werden. Diese Zahl ist als Mindestbetrag f\u00fcr die Schlussrechnung verbindlich.<\/p>\n<p><strong>Einsatz von Schaluppen<\/strong><\/p>\n<p>Wir behalten uns das Recht vor, das Layout der Schaluppen selbst zu gestalten. Wir ber\u00fccksichtigen die Gr\u00f6\u00dfe Ihrer Gruppe und die W\u00fcnsche, die an uns herangetragen werden. Alle unsere Schaluppen k\u00f6nnen bei Regen \u00fcberdacht werden.<\/p>\n<p><strong>Haftung<\/strong><br \/>\nVaren in Utrecht.nl kann nicht haftbar gemacht werden f\u00fcr Personen- oder Sachsch\u00e4den jeglicher Art, unabh\u00e4ngig von der Ursache, vor, w\u00e4hrend oder als Folge der Kreuzfahrt. Ausgenommen hiervon ist die gesetzliche Verpflichtung zur Leistung von Schadenersatz aufgrund von nachweislichem Vorsatz oder grober Fahrl\u00e4ssigkeit von Varen in Utrecht.nl. Die gesetzliche Entsch\u00e4digung ist auf den H\u00f6chstbetrag der Bootsmiete f\u00fcr die betreffende Kreuzfahrt begrenzt. Kinder sind die Verantwortung der Eltern.<\/p>\n<p><strong>Zahlung<\/strong><br \/>\nDie Bootsmiete muss sp\u00e4testens 10 Tage vor dem Abfahrtstermin per \u00dcberweisung auf unser ING-Konto bezahlt werden. Wenn Sie mit weniger Teilnehmern kommen und uns rechtzeitig informiert haben, erstatten wir Ihnen den Betrag auf Ihr Konto. Sie k\u00f6nnen uns diese ge\u00e4nderte Personenzahl bis zu 3 Tage vor dem Abfahrtstermin per E-Mail mitteilen. Die Bootsmiete muss vor der Abfahrt durch \u00dcberweisung auf unser Bankkonto bezahlt werden.<\/p>\n<p><strong>Preis\u00e4nderungen<br class=\"clear\"><\/strong>Preis\u00e4nderungen, die zwischen dem Zeitpunkt des Vertragsabschlusses und dem Zeitpunkt der Ausf\u00fchrung des Vertrags eintreten, haben keinen Einfluss auf den vereinbarten Preis.<\/p>\n<p><strong>Stornierung<\/strong><br \/>\nDer Kunde kann die Auftragsbest\u00e4tigung durch eine schriftliche und datierte Mitteilung an Varen in Utrecht.nl stornieren. Im Falle einer Stornierung mehr als 1 Monat vor dem Abfahrtsdatum, schulden Sie 25% der gesamten Bootsmiete, innerhalb eines Monats 50%. Wenn Sie innerhalb von 14 Tagen vor dem Abfahrtstag stornieren, m\u00fcssen Sie die gesamte Bootsmiete bezahlen. Bei sehr schlechtem Wetter, d. h. bei Sturm in Verbindung mit anhaltenden starken Regenf\u00e4llen, werden keine Stornogeb\u00fchren f\u00e4llig. Im gegenseitigen Einvernehmen k\u00f6nnen wir dann einen neuen Termin festlegen.<\/p>\n<p><strong>Sicherheit<\/strong><br \/>\nDer Skipper beh\u00e4lt sich das Recht vor, w\u00e4hrend der Fahrt die Fahrt zu unterbrechen und\/oder von der vereinbarten Route abzuweichen, wenn seiner Meinung nach unverantwortliche\/unsichere Situationen entstehen oder wenn der Skipper sich nicht an die Bedingungen h\u00e4lt. Die Verwendung von Konfetti, Feuerwerksk\u00f6rpern, Reis usw. ist an Bord nicht gestattet. Kein Abfall sollte \u00fcber Bord geworfen werden.<\/p>\n<p><strong>Alkohol an Bord<\/strong><br \/>\nPersonen, die zu Beginn der Fahrt unter Alkoholeinfluss stehen, wird der Zugang zum Boot verweigert. Im Falle eines Fehlverhaltens, ob durch Alkoholkonsum verursacht oder nicht, hat der Skipper das Recht, die Reise zu unterbrechen oder sofort zu beenden, ohne R\u00fcckerstattung der Bootsmiete oder der Kosten f\u00fcr ein Paket an Bord. F\u00fcr alle unsere Fahrten gelten die Verhaltensregeln auf dem Wasser der Gemeinde Utrecht. Wildes Urinieren ist streng verboten. Ohne weitere Abmahnung wird die Reise sofort abgebrochen.<\/p>\n<p><em>Allgemeine Gesch\u00e4ftsbedingungen VareninUtrecht.nl &#8211; K.v.K. Utrecht Nr.: 30185121<\/em><\/p>\n<p>Siehe auch die <a href=\"https:\/\/vareninutrecht.nl\/de\/faq-segeln-in-utrecht\/\" target=\"_blank\" rel=\"noopener noreferrer\">Verhaltensregeln<\/a> (PDF) der gemeinsamen Schifffahrtsgesellschaften.[\/et_pb_text][\/et_pb_column][et_pb_column type=&#8220;1_3&#8243; _builder_version=&#8220;4.16&#8243; custom_padding=&#8220;|||&#8220; global_colors_info=&#8220;{}&#8220; custom_padding__hover=&#8220;|||&#8220; theme_builder_area=&#8220;post_content&#8220;][et_pb_image src=&#8220;https:\/\/vareninutrecht.nl\/wp-content\/uploads\/gedragsregels-op-het-water-varen-in-Utrecht-e1680776301925.png&#8220; alt=&#8220;Verhaltensregeln auf dem Wasser &#8211; Bootfahren in Utrecht&#8220; title_text=&#8220;Verhaltensregeln auf dem Wasser &#8211; Bootfahren in Utrecht&#8220; url=&#8220;https:\/\/varen.dividiva.nl\/faq\/&#8220; _builder_version=&#8220;4.20.2&#8243; _module_preset=&#8220;default&#8220; global_colors_info=&#8220;{}&#8220; theme_builder_area=&#8220;post_content&#8220;][\/et_pb_image][et_pb_button button_url=&#8220;https:\/\/vareninutrecht.nl\/de\/allgemeine-bedingungen-und-konditionen\/&#8220; button_text=&#8220;Download der Verhaltensregeln (EN)&#8220; button_alignment=&#8220;center&#8220; _builder_version=&#8220;4.20.2&#8243; _module_preset=&#8220;default&#8220; locked=&#8220;off&#8220; global_colors_info=&#8220;{}&#8220; theme_builder_area=&#8220;post_content&#8220;][\/et_pb_button][et_pb_button button_url=&#8220;https:\/\/varen.dividiva.nl\/wp-content\/uploads\/Gedragsregels-rederijen-2023_ENG.pdf&#8220; button_text=&#8220;Verhaltensregeln auf dem Wasser (DE)&#8220; button_alignment=&#8220;center&#8220; _builder_version=&#8220;4.20.2&#8243; _module_preset=&#8220;default&#8220; locked=&#8220;off&#8220; global_colors_info=&#8220;{}&#8220; theme_builder_area=&#8220;post_content&#8220;][\/et_pb_button][et_pb_button button_url=&#8220;https:\/\/vareninutrecht.nl\/de\/faq-segeln-in-utrecht\/&#8220; button_text=&#8220;H\u00e4ufig gestellte Fragen&#8220; button_alignment=&#8220;center&#8220; _builder_version=&#8220;4.20.2&#8243; _module_preset=&#8220;default&#8220; locked=&#8220;off&#8220; global_colors_info=&#8220;{}&#8220; theme_builder_area=&#8220;post_content&#8220;][\/et_pb_button][et_pb_button button_url=&#8220;https:\/\/vareninutrecht.nl\/de\/anfrage\/&#8220; button_text=&#8220;Unverbindliche Anfrage f\u00fcr ein Boot&#8220; button_alignment=&#8220;center&#8220; _builder_version=&#8220;4.20.2&#8243; _module_preset=&#8220;default&#8220; locked=&#8220;off&#8220; global_colors_info=&#8220;{}&#8220; theme_builder_area=&#8220;post_content&#8220;][\/et_pb_button][\/et_pb_column][\/et_pb_row][\/et_pb_section]<\/p>\n","protected":false},"excerpt":{"rendered":"<p>Anzahl der Personen Sie k\u00f6nnen die Anzahl der Personen\/Teilnehmer bis sp\u00e4testens 10 Tage vor dem Abfahrtstermin mitteilen. Kleine \u00c4nderungen bis zu 10% der uns bekannten Anzahl k\u00f6nnen uns bis zu 3 Tage vor dem Abfahrtsdatum mitgeteilt werden. Diese Zahl ist als Mindestbetrag f\u00fcr die Schlussrechnung verbindlich. Einsatz von Schaluppen Wir behalten uns das Recht vor,\u2026 <a href=\"https:\/\/vareninutrecht.nl\/de\/allgemeine-bedingungen-und-konditionen\/\">Read More &raquo;<\/a><\/p>\n","protected":false},"author":3,"featured_media":0,"parent":0,"menu_order":14,"comment_status":"closed","ping_status":"closed","template":"","meta":{"_acf_changed":false,"_et_pb_use_builder":"on","_et_pb_old_content":"","_et_gb_content_width":"","footnotes":""},"class_list":["post-1377911","page","type-page","status-publish","hentry"],"acf":[],"_links":{"self":[{"href":"https:\/\/vareninutrecht.nl\/de\/wp-json\/wp\/v2\/pages\/1377911","targetHints":{"allow":["GET"]}}],"collection":[{"href":"https:\/\/vareninutrecht.nl\/de\/wp-json\/wp\/v2\/pages"}],"about":[{"href":"https:\/\/vareninutrecht.nl\/de\/wp-json\/wp\/v2\/types\/page"}],"author":[{"embeddable":true,"href":"https:\/\/vareninutrecht.nl\/de\/wp-json\/wp\/v2\/users\/3"}],"replies":[{"embeddable":true,"href":"https:\/\/vareninutrecht.nl\/de\/wp-json\/wp\/v2\/comments?post=1377911"}],"version-history":[{"count":0,"href":"https:\/\/vareninutrecht.nl\/de\/wp-json\/wp\/v2\/pages\/1377911\/revisions"}],"wp:attachment":[{"href":"https:\/\/vareninutrecht.nl\/de\/wp-json\/wp\/v2\/media?parent=1377911"}],"curies":[{"name":"wp","href":"https:\/\/api.w.org\/{rel}","templated":true}]}}