{"id":1377676,"date":"2015-04-30T08:57:56","date_gmt":"2015-04-30T06:57:56","guid":{"rendered":"https:\/\/vareninutrecht.nl\/faq-segeln-in-utrecht\/"},"modified":"2025-12-08T12:28:26","modified_gmt":"2025-12-08T11:28:26","slug":"faq-segeln-in-utrecht","status":"publish","type":"page","link":"https:\/\/vareninutrecht.nl\/de\/faq-segeln-in-utrecht\/","title":{"rendered":"FAQ Segeln in Utrecht"},"content":{"rendered":"<p>[et_pb_section fb_built=&#8220;1&#8243; _builder_version=&#8220;4.20.2&#8243; background_color=&#8220;#DDF3FC&#8220; global_colors_info=&#8220;{}&#8220;][et_pb_row column_structure=&#8220;2_3,1_3&#8243; _builder_version=&#8220;4.27.4&#8243; background_size=&#8220;initial&#8220; background_position=&#8220;top_left&#8220; background_repeat=&#8220;repeat&#8220; global_colors_info=&#8220;{}&#8220;][et_pb_column type=&#8220;2_3&#8243; _builder_version=&#8220;4.16&#8243; custom_padding=&#8220;|||&#8220; global_colors_info=&#8220;{}&#8220; custom_padding__hover=&#8220;|||&#8220;][et_pb_text _builder_version=&#8220;4.27.5&#8243; background_size=&#8220;initial&#8220; background_position=&#8220;top_left&#8220; background_repeat=&#8220;repeat&#8220; link_option_url=&#8220;https:\/\/vareninutrecht.nl\/de\/allgemeine-bedingungen-und-konditionen\/&#8220; hover_enabled=&#8220;0&#8243; global_colors_info=&#8220;{}&#8220; sticky_enabled=&#8220;0&#8243;]<\/p>\n<h1>FAQ Segeln in Utrecht<\/h1>\n<p><b>K\u00f6nnen wir bei schlechtem Wetter absagen?<\/b><br \/>Am Segeltag selbst k\u00f6nnen Sie nur im Falle eines Sturms in Verbindung mit anhaltenden starken Regenf\u00e4llen kostenlos stornieren. In allen anderen F\u00e4llen segeln wir einfach. Die Allgemeinen <a href=\"https:\/\/vareninutrecht.nl\/de\/allgemeine-bedingungen-und-konditionen\/\">Gesch\u00e4ftsbedingungen<\/a> auf der Seite <a href=\"https:\/\/vareninutrecht.nl\/de\/preise\/\">Preise<\/a> gelten f\u00fcr alle unsere Bootsfahrten.<\/p>\n<p><b>Was ist, wenn es am Tag der Abfahrt regnet?<br \/><\/b>Wir fahren in offenen Booten, von denen die meisten bei Regen abgedeckt werden k\u00f6nnen. Bei einem starken Regenschauer k\u00f6nnen wir einfach weiterfahren oder unter einer der vielen Br\u00fccken auf der Route Schutz suchen. <\/p>\n<p><b>Kann das Verdeck w\u00e4hrend der Fahrt abgenommen werden?<\/b><br \/>Ja, wenn es trocken wird, kann das Verdeck nach Absprache mit dem Skipper wieder eingeklappt werden. Denn &#8222;offenes&#8220; Segeln ist uns sowieso am liebsten. Aufgrund der geringen Durchfahrtsh\u00f6he (1,90 Meter) auf den Kan\u00e4len sind auch die Durchfahrtsh\u00f6he unter dem Dach und die Aussicht etwas eingeschr\u00e4nkt.<\/p>\n<p><b>Wann wird die Haube installiert?<\/b><br \/>Wir montieren das Verdeck nur, wenn viel Dauerregen zu erwarten ist und auf besonderen Wunsch. Bei <a href=\"https:\/\/vareninutrecht.nl\/de\/project\/hochzeitskreuzfahrt-utrecht\/\">Braut-<\/a> und Speisereisen neigen wir eher dazu, die Haube vorbeugend aufzusetzen.<\/p>\n<p><b>Kann an Bord Musik gespielt werden?<\/b><br \/>Nein, verst\u00e4rkte Musik darf leider nicht gespielt werden. Die Gemeinde hat sich zu diesem Schritt entschlossen, weil er den Anwohnern zu viele Unannehmlichkeiten bereitet hat. Schlie\u00dflich tr\u00e4gt der Schall weit \u00fcber das Wasser. Es ist jedoch erlaubt, zum Beispiel zu singen oder Gitarre zu spielen, ohne den Ton zu verst\u00e4rken. Wir haben regelm\u00e4\u00dfig singende Ch\u00f6re an Bord. <\/p>\n<p><b>Von wo aus fahren die Schaluppen ab?<br \/><\/b>Wir starten im Herzen des Stadtzentrums von der Oudegracht (Tolsteegzijde) t.h.v. Nr. 175 bei der Gaardbrug. Siehe die Karte und Wegbeschreibung auf der Seite <a href=\"https:\/\/vareninutrecht.nl\/de\/schiffsanleger\/\">Schiffsanlegestelle<\/a><\/p>\n<p><b>K\u00f6nnen wir mehr als 12 Personen auf einer Schaluppe mitnehmen?<\/b><br \/>Ja, das k\u00f6nnen Sie! Die Schaluppe muss jedoch von der Schifffahrtsinspektion amtlich abgenommen und von der Stadt Utrecht eine Betriebsgenehmigung erteilt werden. Varen in Utrecht.nl besitzt mehrere Betriebslizenzen. Alle unsere Passagierboote werden von der Schifffahrtsaufsichtsbeh\u00f6rde inspiziert. Die gr\u00f6\u00dfte Schaluppe fasst 42 Personen. Bei mehr Teilnehmern teilen wir die Gruppe auf mehrere Boote auf.   <\/p>\n<p><b>K\u00f6nnen wir weniger als 1 \u00bd Stunden segeln?<\/b><br \/>Ja, das ist m\u00f6glich. Erkundigen Sie sich in diesem Fall nach den Preisen, denn je nach Gruppengr\u00f6\u00dfe gilt ein Mindestpreis. Wenn Sie nur 1 Stunde segeln wollen, sollten Sie 5 Minuten vor dem Start eintreffen. F\u00fcr eine Tour durch Utrecht brauchen wir wirklich eine ganze Stunde.<\/p>\n<p><b>K\u00f6nnen wir unsere eigenen Snacks und Getr\u00e4nke mit an Bord bringen?<\/b><br \/>Nur w\u00e4hrend der <a href=\"\/portfolio\/borreltocht\/\">Getr\u00e4nke-<\/a> und<a href=\"\/portfolio\/tapastocht\/\"> Tapas-Tour<\/a> werden wir Getr\u00e4nke und Snacks f\u00fcr Sie besorgen. Auf den anderen Kreuzfahrten k\u00f6nnen Sie Ihre eigenen Snacks und Getr\u00e4nke an Bord mitbringen. Wir berechnen daf\u00fcr keine zus\u00e4tzlichen Kosten. Wir erwarten von Ihnen, dass Sie Ihren M\u00fcll wieder von Bord nehmen und nicht in den H\u00f6fen liegen lassen. Au\u00dferdem m\u00f6chten wir, dass alkoholische Getr\u00e4nke in Ma\u00dfen konsumiert werden, um die Umgebung nicht zu bel\u00e4stigen.<\/p>\n<p><b>K\u00f6nnen Sie Snacks und Getr\u00e4nke bereitstellen?<\/b><br \/>Ja, das k\u00f6nnen Sie. Wir bringen die Getr\u00e4nke gek\u00fchlt an Bord und berechnen eine Pauschale von 9,00 \u20ac pro Person und Stunde. (Bier, Wein, Ros\u00e9, alkoholfreie Getr\u00e4nke) Kalte Vorspeisen (verschiedene K\u00e4sesorten, Wurst, N\u00fcsse und Beilagen) kosten 6,50 \u20ac p.P., warme Vorspeisen 6,50 \u20ac p.P., Luxusgetr\u00e4nke oder Canapes 9,= p.P., Kaffee\/Tee 4,50 \u20ac p.P. und Mittagessen ab 14,50 \u20ac p.P., siehe unsere Seite<a href=\"https:\/\/vareninutrecht.nl\/de\/project_category\/verpflegung\/\">&#8222;Cateringpreise<\/a>&#8222;. <\/p>\n<p><b>Ist das Getr\u00e4nkepaket unbegrenzt?<\/b><br \/>Nein, wir berechnen durchschnittlich 2 bis 3 Getr\u00e4nke pro Person und Stunde. Die einen trinken etwas mehr, die anderen etwas weniger. Es gibt alles in H\u00fclle und F\u00fclle und man kann einfach etwas trinken. Das Paket gilt nur <i>w\u00e4hrend der <\/i>Kreuzfahrt. Es ist verboten, \u00fcbrig gebliebene Getr\u00e4nke vom Schiff mitzunehmen oder sie nach der Fahrt am Kai zu konsumieren.<\/p>\n<p><b>Zahlen wir f\u00fcr den gesamten Inhalt der K\u00fchlbox?<\/b><br \/>Nein, Sie zahlen f\u00fcr eine durchschnittliche Anzahl von Getr\u00e4nken, die nach der gesamten Fahrtzeit berechnet wird. Es handelt sich um ein Pauschalangebot, was bedeutet, dass wir insgesamt mehr Getr\u00e4nke an Bord bringen, damit jeder gen\u00fcgend Getr\u00e4nke und Auswahl hat.<br \/><b><br \/>Kann ich anstelle von Softdrinks nur Bier oder Wein trinken?<br \/><\/b>Wir k\u00f6nnen jedoch mehr oder weniger von einer bestimmten Art von Getr\u00e4nken an Bord bringen, wenn Sie dies im Voraus angeben. Es bleibt jedoch eine Vereinbarung. Es besteht nicht die Absicht, sich an Bord zu betrinken. Wir machen es uns gerne gem\u00fctlich an Bord.  <b><\/b><\/p>\n<p><strong>K\u00f6nnen wir die Tour mit einer anderen Aktivit\u00e4t kombinieren?<\/strong><br \/>Ja, wir bieten <a href=\"\/arrangementen\/\">Pakete<\/a> an.<\/p>\n<p>[\/et_pb_text][\/et_pb_column][et_pb_column type=&#8220;1_3&#8243; _builder_version=&#8220;4.16&#8243; custom_padding=&#8220;|||&#8220; global_colors_info=&#8220;{}&#8220; custom_padding__hover=&#8220;|||&#8220;][et_pb_button button_url=&#8220;https:\/\/vareninutrecht.nl\/de\/allgemeine-bedingungen-und-konditionen\/&#8220; button_text=&#8220;Download der Verhaltensregeln&#8220; button_alignment=&#8220;center&#8220; _builder_version=&#8220;4.27.4&#8243; _module_preset=&#8220;default&#8220; global_colors_info=&#8220;{}&#8220;][\/et_pb_button][et_pb_image src=&#8220;https:\/\/vareninutrecht.nl\/wp-content\/uploads\/gedragsregels-op-het-water-varen-in-Utrecht-e1680776301925.png&#8220; alt=&#8220;Verhaltensregeln auf dem Wasser &#8211; Bootfahren in Utrecht&#8220; title_text=&#8220;Verhaltensregeln auf dem Wasser &#8211; Bootfahren in Utrecht&#8220; _builder_version=&#8220;4.20.2&#8243; _module_preset=&#8220;default&#8220; global_colors_info=&#8220;{}&#8220;][\/et_pb_image][et_pb_button button_url=&#8220;https:\/\/vareninutrecht.nl\/de\/allgemeine-bedingungen-und-konditionen\/&#8220; button_text=&#8220;Allgemeine Bedingungen und Konditionen&#8220; button_alignment=&#8220;center&#8220; _builder_version=&#8220;4.20.2&#8243; _module_preset=&#8220;default&#8220; global_colors_info=&#8220;{}&#8220;][\/et_pb_button][et_pb_button button_url=&#8220;https:\/\/vareninutrecht.nl\/de\/anfrage\/&#8220; button_text=&#8220;Unverbindliche Anfrage f\u00fcr ein Boot&#8220; button_alignment=&#8220;center&#8220; _builder_version=&#8220;4.20.2&#8243; _module_preset=&#8220;default&#8220; global_colors_info=&#8220;{}&#8220;][\/et_pb_button][\/et_pb_column][\/et_pb_row][\/et_pb_section]<\/p>\n","protected":false},"excerpt":{"rendered":"<p>FAQ Segeln in Utrecht K\u00f6nnen wir bei schlechtem Wetter absagen?Am Segeltag selbst k\u00f6nnen Sie nur im Falle eines Sturms in Verbindung mit anhaltenden starken Regenf\u00e4llen kostenlos stornieren. In allen anderen F\u00e4llen segeln wir einfach. Die Allgemeinen Gesch\u00e4ftsbedingungen auf der Seite Preise gelten f\u00fcr alle unsere Bootsfahrten. Was ist, wenn es am Tag der Abfahrt regnet?Wir\u2026 <a href=\"https:\/\/vareninutrecht.nl\/de\/faq-segeln-in-utrecht\/\">Read More &raquo;<\/a><\/p>\n","protected":false},"author":3,"featured_media":0,"parent":0,"menu_order":44,"comment_status":"closed","ping_status":"closed","template":"","meta":{"_acf_changed":false,"_et_pb_use_builder":"on","_et_pb_old_content":"","_et_gb_content_width":"","footnotes":""},"class_list":["post-1377676","page","type-page","status-publish","hentry"],"acf":[],"_links":{"self":[{"href":"https:\/\/vareninutrecht.nl\/de\/wp-json\/wp\/v2\/pages\/1377676","targetHints":{"allow":["GET"]}}],"collection":[{"href":"https:\/\/vareninutrecht.nl\/de\/wp-json\/wp\/v2\/pages"}],"about":[{"href":"https:\/\/vareninutrecht.nl\/de\/wp-json\/wp\/v2\/types\/page"}],"author":[{"embeddable":true,"href":"https:\/\/vareninutrecht.nl\/de\/wp-json\/wp\/v2\/users\/3"}],"replies":[{"embeddable":true,"href":"https:\/\/vareninutrecht.nl\/de\/wp-json\/wp\/v2\/comments?post=1377676"}],"version-history":[{"count":3,"href":"https:\/\/vareninutrecht.nl\/de\/wp-json\/wp\/v2\/pages\/1377676\/revisions"}],"predecessor-version":[{"id":1383331,"href":"https:\/\/vareninutrecht.nl\/de\/wp-json\/wp\/v2\/pages\/1377676\/revisions\/1383331"}],"wp:attachment":[{"href":"https:\/\/vareninutrecht.nl\/de\/wp-json\/wp\/v2\/media?parent=1377676"}],"curies":[{"name":"wp","href":"https:\/\/api.w.org\/{rel}","templated":true}]}}