{"id":1377570,"date":"2015-05-13T14:03:28","date_gmt":"2015-05-13T12:03:28","guid":{"rendered":"https:\/\/vareninutrecht.nl\/freie-stellen\/"},"modified":"2023-05-03T12:52:24","modified_gmt":"2023-05-03T10:52:24","slug":"freie-stellen","status":"publish","type":"page","link":"https:\/\/vareninutrecht.nl\/de\/freie-stellen\/","title":{"rendered":"Freie Stellen"},"content":{"rendered":"<p>[et_pb_section fb_built=&#8220;1&#8243; admin_label=&#8220;section&#8220; _builder_version=&#8220;4.16&#8243; global_colors_info=&#8220;{}&#8220;][et_pb_row admin_label=&#8220;Zeile&#8220; _builder_version=&#8220;4.16&#8243; background_size=&#8220;initial&#8220; background_position=&#8220;top_left&#8220; background_repeat=&#8220;repeat&#8220; global_colors_info=&#8220;{}&#8220;][et_pb_column type=&#8220;4_4&#8243; _builder_version=&#8220;4.16&#8243; custom_padding=&#8220;|||&#8220; global_colors_info=&#8220;{}&#8220; custom_padding__hover=&#8220;|||&#8220;][et_pb_post_title meta=&#8220;off&#8220; featured_image=&#8220;off&#8220; _builder_version=&#8220;4.20.2&#8243; _module_preset=&#8220;default&#8220; global_colors_info=&#8220;{}&#8220;][\/et_pb_post_title][et_pb_post_slider include_categories=&#8220;13&#8243; show_meta=&#8220;off&#8220; _builder_version=&#8220;4.20.4&#8243; _module_preset=&#8220;default&#8220; hover_enabled=&#8220;0&#8243; global_colors_info=&#8220;{}&#8220; sticky_enabled=&#8220;0&#8243;][\/et_pb_post_slider][et_pb_text admin_label=&#8220;Text&#8220; _builder_version=&#8220;4.20.2&#8243; background_size=&#8220;initial&#8220; background_position=&#8220;top_left&#8220; background_repeat=&#8220;repeat&#8220; global_colors_info=&#8220;{}&#8220;]<\/p>\n<p><b>M\u00f6chten Sie in einem Unternehmen arbeiten, das Spa\u00df macht?<\/b><\/p>\n<p><span class=\"Apple-style-span\">Varen in Utrecht.nl begann 2004 mit der Organisation und Durchf\u00fchrung von Bootsfahrten in Utrecht und Umgebung. Wir sind jetzt eine renommierte und eine der gr\u00f6\u00dften Schaluppenvermietungen in Utrecht! Varen in Utrecht.nl ist ein dynamisches Unternehmen, das Wert auf Qualit\u00e4t legt. Mit unseren begeisterten Skippern und B\u00fcromitarbeitern bem\u00fchen wir uns, die Fahrten perfekt zu organisieren und zu leiten und eine Bootsfahrt zu einem unvergesslichen Moment zu machen.<\/span><\/p>\n<p>F\u00fcr die Segelsaison (M\u00e4rz bis November) suchen wir begeisterte und seri\u00f6se<\/p>\n<p>[\/et_pb_text][et_pb_blog fullwidth=&#8220;off&#8220; posts_number=&#8220;4&#8243; include_categories=&#8220;13&#8243; show_author=&#8220;off&#8220; show_date=&#8220;off&#8220; show_categories=&#8220;off&#8220; _builder_version=&#8220;4.20.4&#8243; _module_preset=&#8220;default&#8220; header_text_color=&#8220;#4F95DE&#8220; header_line_height=&#8220;1.3em&#8220; hover_enabled=&#8220;0&#8243; border_color_all=&#8220;#DDF3FC&#8220; global_colors_info=&#8220;{}&#8220; sticky_enabled=&#8220;0&#8243;][\/et_pb_blog][et_pb_text admin_label=&#8220;Text&#8220; _builder_version=&#8220;4.20.2&#8243; background_size=&#8220;initial&#8220; background_position=&#8220;top_left&#8220; background_repeat=&#8220;repeat&#8220; global_colors_info=&#8220;{}&#8220;]<\/p>\n<p><b>Schiffer in Teilzeit und Vollzeit 10 &#8211; 38 Stunden pro Woche<\/b><\/p>\n<p><span class=\"Apple-style-span\">der nicht nur Skipper ist, sondern es auch genie\u00dft, kundenorientiert auf unsere G\u00e4ste zuzugehen und sie zu ihrer Zufriedenheit herumzufahren. Die Stelle kann auch nur als Nebenjob an Samstagen\/Wochenenden oder abends besetzt werden.<br \/><b><br \/>Ihr<br \/><\/b><\/span><span class=\"Apple-style-span\">&#8211; im Besitz eines kleinen Bootsf\u00fchrerscheins sind oder bereit sind, den F\u00fchrerschein1 kurzfristig zu erwerben<br \/><\/span><span class=\"Apple-style-span\">&#8211; \u00fcber umfangreiche Erfahrungen im F\u00fchren eines Motorbootes verf\u00fcgen;<br \/><\/span><span class=\"Apple-style-span\">&#8211; eine zupackende Mentalit\u00e4t haben;<\/span><span class=\"Apple-style-span\"><br \/><\/span><span class=\"Apple-style-span\">&#8211; Sie sind bereit, an Wochenenden zu arbeiten (mindestens jede zweite Woche);<\/span><br \/><span class=\"Apple-style-span\">&#8211; arbeitet gerne im Team;<\/span><br \/><span class=\"Apple-style-span\">&#8211; Sie haben eine Affinit\u00e4t f\u00fcr die Freizeitgestaltung am Wasser;<\/span><br \/><span class=\"Apple-style-span\">&#8211; kennen die Freizeit- und Gastronomieeinrichtungen am Wasser in Utrecht;<br \/>&#8211; haben einen Sinn f\u00fcr Gastfreundschaft und eine kundenorientierte Einstellung;<br \/>&#8211; haben gute Umgangsformen und Kommunikationsf\u00e4higkeiten;<br \/><\/span><span class=\"Apple-style-span\">&#8211; ein gepflegtes \u00c4u\u00dferes haben;<br \/><\/span><span class=\"Apple-style-span\">&#8211; mindestens die englische Sprache in Wort beherrschen; <\/span> <span class=\"Apple-style-span\"><br \/><\/span><span class=\"Apple-style-span\">&#8211; Sie wohnen in Utrecht oder in der n\u00e4heren Umgebung.<\/span><\/p>\n<p><span class=\"Apple-style-span\"><b>Wir<\/b> bieten<br \/><\/span><span class=\"Apple-style-span\">&#8211; ein angenehmes Arbeitsumfeld;<br \/><\/span><span class=\"Apple-style-span\">&#8211; hilfsbereite Kollegen und B\u00fcroangestellte, die mitdenken;<br \/><\/span><span class=\"Apple-style-span\">&#8211; eine gr\u00fcndliche Ausbildung im Segeln;<br \/><\/span><span class=\"Apple-style-span\">&#8211; ein wettbewerbsf\u00e4higes Gehalt.<\/span><\/p>\n<p><em>Neben einer Teilzeit-Bereitschaftskraft suchen wir auch einen Teilzeit-Skipper f\u00fcr 24-32 Stunden pro Woche, der an Wochenenden (Do-So) und abends flexibel einsetzbar ist.  <\/em><\/p>\n<p><span class=\"Apple-style-span\">Erkennen Sie sich in den oben genannten Punkten wieder und sind begeistert? Wenn ja, senden Sie bitte ein kurzes Motivationsschreiben und einen Lebenslauf an: <a href=\"mailto:info@vareninutrecht.nl\">info@vareninutrecht.nl <\/a> <\/span>Zu H\u00e4nden: Ronald van der Wal.<\/p>\n<hr>\n<p><strong>Kaufm\u00e4nnische\/administrative Assistentin im Innenbereich  <\/strong><\/p>\n<p>Varen in Utrecht sucht einen enthusiastischen kaufm\u00e4nnischen Mitarbeiter, der sich in einem dynamischen und informellen Arbeitsumfeld wohl f\u00fchlt.<br \/>Nach einer Einarbeitungszeit sind Sie in der Lage, selbstst\u00e4ndig Informations- und Buchungsanfragen zu bearbeiten, Angebote und Best\u00e4tigungen zu erstellen, Bootsfahrten zu planen und Skipper zu klassifizieren. Kurz gesagt: Organisation und Vorbereitung von Segelt\u00f6rns und Unterst\u00fctzung des Skipper-Teams. Es gibt auch viel Raum f\u00fcr pers\u00f6nlichen Input.<\/p>\n<p>Sind Sie kaufm\u00e4nnisch veranlagt und lieben es, daf\u00fcr zu sorgen, dass es den Kunden an nichts fehlt? Arbeiten Sie gerne pr\u00e4zise und genau, k\u00f6nnen Sie gut zwischen verschiedenen Aufgaben wechseln, ohne Ihre Sorgfalt zu verlieren? Sie sind engagiert, kollegial und kundenorientiert, haben eine Hands-on-Mentalit\u00e4t, k\u00f6nnen selbstst\u00e4ndig arbeiten und haben eine Affinit\u00e4t zu einem Freizeitunternehmen und der Stadt Utrecht\/Wasser\/Bootfahren?<\/p>\n<p>Dann sende eine kurze Motivation und einen Lebenslauf f\u00fcr diesen lustigen und vielseitigen Job bei Varen in Utrecht.nl an: <span class=\"Apple-style-span\"> <a href=\"mailto:info@vareninutrecht.nl\">info@vareninutrecht.nl <\/a><\/span>Zu H\u00e4nden: Ronald van der Wal.<\/p>\n<p>Mindestanforderungen:<\/p>\n<p>&#8211; MBO\/HBO-Niveau und\/oder Berufserfahrung in der Tourismus-\/Freizeitbranche, Veranstaltungsorganisation oder Freizeitmanagement.<br \/>&#8211; Erfahrung mit Microsoft Office, Outlook, benutzerfreundlichen Reservierungssystemen.<br \/>&#8211; Wohnen in Utrecht.<br \/>&#8211; Nicht-Raucher.<br \/>&#8211; Mindestens 24-32 Stunden pro Woche in der Hochsaison (April bis September) verf\u00fcgbar.<br \/>&#8211; Flexible Arbeitseinstellung, keine 9 bis 5-Mentalit\u00e4t.<\/p>\n<p>Wir bieten:<\/p>\n<p>&#8211; Ein nettes, informelles Arbeitsumfeld, in dem nicht nur geplaudert, sondern auch hart gearbeitet wird.<br \/>&#8211; Ein ganz besonderer Arbeitsplatz in einem historischen Werftkeller mitten im Stadtzentrum.<br \/>&#8211; Flexible Aufteilung der Tage\/Stunden.<br \/>&#8211; Marktgerechtes Gehalt.<\/p>\n<hr>\n<p><b><br \/>Hilfe am Samstag  <\/b><\/p>\n<p>F\u00fcr die Mithilfe in unserem Gastronomiekeller und alle anfallenden Arbeiten am Segelsteg suchen wir eine\/n engagierte\/n Helfer\/in, der\/die gerne mit anpackt.<\/p>\n<p>Aufgaben:<br \/>&#8211; Unterst\u00fctzung der Skipper bei der Vorbereitung der Fahrten;<br \/>&#8211; Vorbereitung aller Lieferungen (Getr\u00e4nke) f\u00fcr das Catering;<br \/>&#8211; Mithilfe bei der Reinigung der Schaluppen und des Kellerbereichs;<br \/>&#8211; den Empfang unserer Kunden an stark frequentierten Samstagen;<br \/><span class=\"Apple-style-span\">&#8211; Anleitung von Bootsfahrern bei der Durchf\u00fchrung der Fahrten;<br \/>&#8211; eventuell Abholen und Bringen unserer Schaluppen zu den St\u00e4llen<br \/><\/span><span class=\"Apple-style-span\"><br \/>Mindestanforderungen:<\/span><span class=\"Apple-style-span\"><br \/><\/span><span class=\"Apple-style-span\">&#8211; Bereitschaft, zus\u00e4tzlich zu den Samstagen auch gelegentlich an Wochentagen abends zu arbeiten;<br \/>&#8211; Affinit\u00e4t zum Wassersport;<br \/>&#8211; kundenorientierte Einstellung;<br \/>&#8211; Wohnen in Utrecht;<br \/>&#8211; Gute Umgangsformen und Kommunikationsf\u00e4higkeit.  <\/span><\/p>\n<p>Voraussetzung: Bef\u00e4higung zum F\u00fchren eines Motorboots und Besitz eines kleinen Bootsf\u00fchrerscheins.<\/p>\n<p><span class=\"Apple-style-span\">Erkennen Sie sich in den oben genannten Punkten wieder und sind begeistert? Senden Sie dann eine kurze Begr\u00fcndung und einen Lebenslauf an: <a href=\"mailto:info@vareninutrecht.nl\">info@vareninutrecht.nl, z. Hd. <\/a>Ronald van der Wal.<\/span><\/p>\n<p><b>Betriebsleiter<\/b><\/p>\n<p>F\u00fcr die neue Segelsaison suchen wir einen Betriebsleiter, der f\u00fcr das Tagesgesch\u00e4ft verantwortlich sein wird. Es handelt sich um eine vielseitige Position, die nach einer Einarbeitungszeit nach Ihrem Ermessen weiterentwickelt und ausgebaut werden kann. Je nach Ihrer Erfahrung werden Sie die folgenden Aufgaben wahrnehmen:<\/p>\n<p>Kommerzielle Verwaltung<\/p>\n<ul>\n<li>Bearbeitung von Informationsfl\u00fcssen und Reservierungsanfragen per E-Mail<\/li>\n<li>Auskunftserteilung an Kunden per Telefon<\/li>\n<li>Auskunftserteilung an Kunden in unserem B\u00fcro Oudegracht 175W<\/li>\n<li>Erstellen, Versenden und Dokumentieren von Angeboten und Best\u00e4tigungen<\/li>\n<li>Planung und Organisation von Bootsfahrten \u00fcber SEM (Smart Event Manager)<\/li>\n<li>Auftr\u00e4ge an Lieferanten erteilen<\/li>\n<li>Mithilfe bei der Teilbuchhaltung (Rechnungsstellung und Kassenf\u00fchrung) usw.<\/li>\n<li>Scannen der eingehenden Dokumente<\/li>\n<li>Alle anderen allgemeinen Aufgaben im Zusammenhang mit der Stelle.<\/li>\n<\/ul>\n<p><u>Personalverwaltung<\/u><\/p>\n<ul>\n<li>Planung und Vermittlung von Skippern<\/li>\n<li>F\u00fchren von Zeitaufzeichnungen Skipper<\/li>\n<li>Leitung der Besatzung des Skippers am Abfahrtssteg<\/li>\n<\/ul>\n<p><u>Verpflegung<\/u><\/p>\n<ul>\n<li>Vorbereitung der Verpflegung f\u00fcr die Bootsfahrten<\/li>\n<li>Bearbeitung eingehender Auftr\u00e4ge<\/li>\n<li>Falls erforderlich, Unterst\u00fctzung der Schiffer beim Ein- und Aussteigen aus den Booten<\/li>\n<\/ul>\n<p><u>Allgemein<\/u><\/p>\n<ul>\n<li>Vertretung des Managements bei Abwesenheit<\/li>\n<li>( pre ) Segeln auf unseren Passagierschiffen, Ausflugsbooten und Salonbooten.<\/li>\n<li>Kontrolle der Boote im Nachtlager (Hooghiemstra und Liegepl\u00e4tze im Kanal)<\/li>\n<li>\u00dcberblick \u00fcber die abfahrenden und ankommenden Schiffe am Anleger an der Oudegracht.<\/li>\n<li>Mindestens jede zweite Woche eine Samstagsschicht<\/li>\n<li>Pflege von Kontakten mit Gesch\u00e4ftspartnern (u. a. Tourismus Utrecht und Pauschalreisende)<\/li>\n<\/ul>\n<p>Berufliche Anforderungen<\/p>\n<p>Sie:<\/p>\n<ul>\n<li>Seien Sie flexibel,<\/li>\n<li>genau und pr\u00e4zise arbeiten k\u00f6nnen,<\/li>\n<li>Sie behalten in einem chaotischen Umfeld und bei hoher Arbeitsbelastung den \u00dcberblick und k\u00f6nnen leicht zwischen verschiedenen Aufgaben wechseln, ohne Ihre Genauigkeit und Freundlichkeit zu verlieren,<\/li>\n<li>denkt gerne mit den Kunden mit und ist in der Lage, freundlich und klar mit ihnen zu sprechen,<\/li>\n<li>Hat gerne mit Menschen zu tun,<\/li>\n<li>Sie verf\u00fcgen \u00fcber kaufm\u00e4nnisches Verst\u00e4ndnis, sind enthusiastisch, durchsetzungsf\u00e4hig und zielstrebig und haben Spa\u00df daran, Auftr\u00e4ge zu gewinnen, ohne Ihre Individualit\u00e4t zu verlieren,<\/li>\n<li>nach einer Einf\u00fchrungszeit selbst\u00e4ndig arbeiten k\u00f6nnen,<\/li>\n<li>Sie sind in der Lage, Ihre Arbeitszeit selbst zu planen und zu kontrollieren (keine 9-to-5-Mentalit\u00e4t)<\/li>\n<li>kann einen Assistenten\/Praktikanten und die Skipper-Crew beaufsichtigen,<\/li>\n<li>zumindest Grundkenntnisse im Umgang mit E-Mail-Programmen, MS Word, MS Excel und Outlook besitzen und mit dem Internet und benutzerfreundlichen Buchungssystemen vertraut sind,<\/li>\n<li>eine Affinit\u00e4t zum Wassersport und zur Schifffahrt sowie ein Interesse an der Utrechter Hotellerie, an Sehensw\u00fcrdigkeiten, Hochzeitslocations usw. haben,<\/li>\n<li>Beherrschung der niederl\u00e4ndischen Sprache in Wort und Schrift<\/li>\n<li>Beherrscht zumindest grundlegende Englischkenntnisse in Wort und Schrift,<\/li>\n<li>Sie wohnen in Utrecht.<\/li>\n<\/ul>\n<p>Vor<\/p>\n<ul>\n<li>vertraut mit Gastronomiebetrieben, Hochzeitslocations, Attraktionen und Sehensw\u00fcrdigkeiten im Zentrum von Utrecht,<\/li>\n<li>Erfahrung im Bootsfahren und die Bereitschaft, mindestens den Bootsf\u00fchrerschein (VB1 ) zu erwerben.<\/li>\n<li>Ausbildung im Bereich Tourismus oder Erfahrung in einem Handelsunternehmen,<\/li>\n<li>nicht rauchen.<\/li>\n<\/ul>\n<p>Was bieten wir an?<\/p>\n<ul>\n<li>Eine abwechslungsreiche T\u00e4tigkeit in einem Freizeitunternehmen, das Spa\u00df macht;<\/li>\n<li>Eine angenehme Arbeitsumgebung in einem historischen Werftkeller im Herzen von Utrecht;<\/li>\n<li>Die M\u00f6glichkeit, neue Dinge zu lernen und Verantwortung zu \u00fcbernehmen;<\/li>\n<li>einen Saisonvertrag;<\/li>\n<li>Ein wettbewerbsf\u00e4higes Gehalt;<\/li>\n<li>eine angenehme Zusammenarbeit mit Kollegen,<\/li>\n<li>Flexibilit\u00e4t bei der Terminplanung;<\/li>\n<\/ul>\n<p>[\/et_pb_text][\/et_pb_column][\/et_pb_row][\/et_pb_section]<\/p>\n","protected":false},"excerpt":{"rendered":"<p>M\u00f6chten Sie in einem Unternehmen arbeiten, das Spa\u00df macht? Varen in Utrecht.nl begann 2004 mit der Organisation und Durchf\u00fchrung von Bootsfahrten in Utrecht und Umgebung. Wir sind jetzt eine renommierte und eine der gr\u00f6\u00dften Schaluppenvermietungen in Utrecht! Varen in Utrecht.nl ist ein dynamisches Unternehmen, das Wert auf Qualit\u00e4t legt. Mit unseren begeisterten Skippern und B\u00fcromitarbeitern\u2026 <a href=\"https:\/\/vareninutrecht.nl\/de\/freie-stellen\/\">Read More &raquo;<\/a><\/p>\n","protected":false},"author":3,"featured_media":0,"parent":0,"menu_order":40,"comment_status":"closed","ping_status":"closed","template":"","meta":{"_acf_changed":false,"_et_pb_use_builder":"on","_et_pb_old_content":"","_et_gb_content_width":"","footnotes":""},"class_list":["post-1377570","page","type-page","status-publish","hentry"],"acf":[],"_links":{"self":[{"href":"https:\/\/vareninutrecht.nl\/de\/wp-json\/wp\/v2\/pages\/1377570","targetHints":{"allow":["GET"]}}],"collection":[{"href":"https:\/\/vareninutrecht.nl\/de\/wp-json\/wp\/v2\/pages"}],"about":[{"href":"https:\/\/vareninutrecht.nl\/de\/wp-json\/wp\/v2\/types\/page"}],"author":[{"embeddable":true,"href":"https:\/\/vareninutrecht.nl\/de\/wp-json\/wp\/v2\/users\/3"}],"replies":[{"embeddable":true,"href":"https:\/\/vareninutrecht.nl\/de\/wp-json\/wp\/v2\/comments?post=1377570"}],"version-history":[{"count":0,"href":"https:\/\/vareninutrecht.nl\/de\/wp-json\/wp\/v2\/pages\/1377570\/revisions"}],"wp:attachment":[{"href":"https:\/\/vareninutrecht.nl\/de\/wp-json\/wp\/v2\/media?parent=1377570"}],"curies":[{"name":"wp","href":"https:\/\/api.w.org\/{rel}","templated":true}]}}