{"id":1377500,"date":"2015-04-20T21:22:13","date_gmt":"2015-04-20T19:22:13","guid":{"rendered":"https:\/\/vareninutrecht.nl\/ein-boot-mieten-utrecht\/"},"modified":"2015-04-20T21:22:13","modified_gmt":"2015-04-20T19:22:13","slug":"ein-boot-mieten-utrecht","status":"publish","type":"page","link":"https:\/\/vareninutrecht.nl\/de\/ein-boot-mieten-utrecht\/","title":{"rendered":"Ein Boot mieten Utrecht"},"content":{"rendered":"<p><strong>Ein Boot mieten in Utrecht?<\/strong>  Auf den Grachten der Domstadt Utrecht haben wir f\u00fcr jede Gruppengr\u00f6\u00dfe bis zu 42 Personen (mit einer Gesamtkapazit\u00e4t von 126 Passagieren) eine passende Schaluppe zu mieten. Sie k\u00f6nnen unser Boot inklusive Skipper f\u00fcr mindestens 1,5 Stunden mieten, siehe Seite Preise. W\u00e4hrend der Bootsfahrt k\u00f6nnen Sie Ihr eigenes Bier an Bord trinken.<br \/>\n<strong>Das Boot kann \u00fcberdacht<\/strong> und mit bequemen Sitzpolstern, Beleuchtung, Biertankwagen usw. ausgestattet <strong>werden<\/strong>. Von M\u00e4rz bis Mitte November k\u00f6nnen Sie mit unserem Boot eine Kanal- oder Bootstour durch die Domstadt unternehmen. Viel Spa\u00df beim Mieten eines Bootes f\u00fcr Ihren Junggesellenabschied, Betriebsausflug, Freundesausflug, Familienausflug oder Ihre Hochzeit.<\/p>\n<p><strong>Wir machen den Bootsverleih zu einem einzigartigen Ereignis in der Stadt Dom.<\/strong><\/p>\n<p><a class=\"button\" href=\"https:\/\/vareninutrecht.nl\/de\/anfrage\/\">Unverbindliche Anfrage<\/a><\/p>\n<hr>\n\n\t\t<style type=\"text\/css\">\n\t\t\t#gallery-2 {\n\t\t\t\tmargin: auto;\n\t\t\t}\n\t\t\t#gallery-2 .gallery-item {\n\t\t\t\tfloat: left;\n\t\t\t\tmargin-top: 10px;\n\t\t\t\ttext-align: center;\n\t\t\t\twidth: 33%;\n\t\t\t}\n\t\t\t#gallery-2 img {\n\t\t\t\tborder: 2px solid #cfcfcf;\n\t\t\t}\n\t\t\t#gallery-2 .gallery-caption {\n\t\t\t\tmargin-left: 0;\n\t\t\t}\n\t\t\t\/* see gallery_shortcode() in wp-includes\/media.php *\/\n\t\t<\/style>\n\t\t<div id='gallery-2' class='gallery galleryid-1377500 gallery-columns-3 gallery-size-thumbnail'><dl class='gallery-item'>\n\t\t\t<dt class='gallery-icon landscape'>\n\t\t\t\t<a href='https:\/\/vareninutrecht.nl\/wp-content\/uploads\/20130525_132637-scaled.jpg'><img loading=\"lazy\" decoding=\"async\" width=\"150\" height=\"150\" src=\"https:\/\/vareninutrecht.nl\/wp-content\/uploads\/20130525_132637-150x150.jpg\" class=\"attachment-thumbnail size-thumbnail\" alt=\"Varen in Utrecht\" title=\"\"><\/a>\n\t\t\t<\/dt><\/dl><dl class='gallery-item'>\n\t\t\t<dt class='gallery-icon landscape'>\n\t\t\t\t<a href='https:\/\/vareninutrecht.nl\/wp-content\/uploads\/P7040021.jpg'><img loading=\"lazy\" decoding=\"async\" width=\"150\" height=\"150\" src=\"https:\/\/vareninutrecht.nl\/wp-content\/uploads\/P7040021-150x150.jpg\" class=\"attachment-thumbnail size-thumbnail\" alt=\"Tour mit Getr\u00e4nken\" title=\"\"><\/a>\n\t\t\t<\/dt><\/dl><dl class='gallery-item'>\n\t\t\t<dt class='gallery-icon landscape'>\n\t\t\t\t<a href='https:\/\/vareninutrecht.nl\/wp-content\/uploads\/2011-07-01-12.25.29.jpg'><img loading=\"lazy\" decoding=\"async\" width=\"150\" height=\"150\" src=\"https:\/\/vareninutrecht.nl\/wp-content\/uploads\/2011-07-01-12.25.29-150x150.jpg\" class=\"attachment-thumbnail size-thumbnail\" alt=\"Varen in Utrecht\" title=\"\"><\/a>\n\t\t\t<\/dt><\/dl><br style=\"clear: both\" \/>\n\t\t<\/div>\n\n","protected":false},"excerpt":{"rendered":"<p>Ein Boot mieten in Utrecht? Auf den Grachten der Domstadt Utrecht haben wir f\u00fcr jede Gruppengr\u00f6\u00dfe bis zu 42 Personen (mit einer Gesamtkapazit\u00e4t von 126 Passagieren) eine passende Schaluppe zu mieten. Sie k\u00f6nnen unser Boot inklusive Skipper f\u00fcr mindestens 1,5 Stunden mieten, siehe Seite Preise. W\u00e4hrend der Bootsfahrt k\u00f6nnen Sie Ihr eigenes Bier an Bord\u2026 <a href=\"https:\/\/vareninutrecht.nl\/de\/ein-boot-mieten-utrecht\/\">Read More &raquo;<\/a><\/p>\n","protected":false},"author":3,"featured_media":0,"parent":0,"menu_order":35,"comment_status":"open","ping_status":"closed","template":"","meta":{"_acf_changed":false,"_et_pb_use_builder":"on","_et_pb_old_content":"","_et_gb_content_width":"","footnotes":""},"class_list":["post-1377500","page","type-page","status-publish","hentry"],"acf":[],"_links":{"self":[{"href":"https:\/\/vareninutrecht.nl\/de\/wp-json\/wp\/v2\/pages\/1377500","targetHints":{"allow":["GET"]}}],"collection":[{"href":"https:\/\/vareninutrecht.nl\/de\/wp-json\/wp\/v2\/pages"}],"about":[{"href":"https:\/\/vareninutrecht.nl\/de\/wp-json\/wp\/v2\/types\/page"}],"author":[{"embeddable":true,"href":"https:\/\/vareninutrecht.nl\/de\/wp-json\/wp\/v2\/users\/3"}],"replies":[{"embeddable":true,"href":"https:\/\/vareninutrecht.nl\/de\/wp-json\/wp\/v2\/comments?post=1377500"}],"version-history":[{"count":0,"href":"https:\/\/vareninutrecht.nl\/de\/wp-json\/wp\/v2\/pages\/1377500\/revisions"}],"wp:attachment":[{"href":"https:\/\/vareninutrecht.nl\/de\/wp-json\/wp\/v2\/media?parent=1377500"}],"curies":[{"name":"wp","href":"https:\/\/api.w.org\/{rel}","templated":true}]}}