{"id":1377498,"date":"2015-04-20T16:05:17","date_gmt":"2015-04-20T14:05:17","guid":{"rendered":"https:\/\/vareninutrecht.nl\/kontakt\/"},"modified":"2025-11-10T15:59:20","modified_gmt":"2025-11-10T14:59:20","slug":"kontakt","status":"publish","type":"page","link":"https:\/\/vareninutrecht.nl\/de\/kontakt\/","title":{"rendered":"Kontakt"},"content":{"rendered":"<p>[et_pb_section fb_built=&#8220;1&#8243; admin_label=&#8220;section&#8220; _builder_version=&#8220;4.16&#8243; global_colors_info=&#8220;{}&#8220;][et_pb_row column_structure=&#8220;3_5,2_5&#8243; admin_label=&#8220;Zeile&#8220; _builder_version=&#8220;4.16&#8243; background_size=&#8220;initial&#8220; background_position=&#8220;top_left&#8220; background_repeat=&#8220;repeat&#8220; global_colors_info=&#8220;{}&#8220;][et_pb_column _builder_version=&#8220;4.27.4&#8243; _module_preset=&#8220;default&#8220; type=&#8220;3_5&#8243;][et_pb_text admin_label=&#8220;Text&#8220; _builder_version=&#8220;4.27.4&#8243; background_size=&#8220;initial&#8220; background_position=&#8220;top_left&#8220; background_repeat=&#8220;repeat&#8220; hover_enabled=&#8220;0&#8243; global_colors_info=&#8220;{}&#8220; sticky_enabled=&#8220;0&#8243;]<\/p>\n<h1>Kontakt<\/h1>\n<p>Wir bevorzugen <a title=\"Unverbindliche Anfrage f\u00fcr eine Schaluppenvermietung in Utrecht\" href=\"https:\/\/vareninutrecht.nl\/de\/unverbindliche-anfrage\/\">Anfragen<\/a> \u00fcber das Internet.<br \/>Unser Buchungsb\u00fcro ist an den Wochenenden geschlossen.<\/p>\n<p><strong>Varen in Utrecht.nl<br \/><\/strong>Postanschrift und B\u00fcro:<br \/>Oudegracht 175 W (aan de werf)<br \/>3511 NE Utrecht<br \/><a href=\"https:\/\/www.google.nl\/maps\/place\/Varen+in+Utrecht.nl\/@52.088944,5.120885,17z\/data=!3m1!4b1!4m2!3m1!1s0x47c66f5a92dcbc2d:0xba6f1e8d1b7f1d1f\" target=\"_blank\" rel=\"noopener noreferrer\">View via Google Maps<br \/><\/a><a href=\"https:\/\/vareninutrecht.nl\/de\/wegbeschreibung\/\">View directions<\/a><\/p>\n<p><strong>B\u00fcrozeiten:<\/strong><br \/>Von M\u00e4rz bis November<br \/>Montag bis Freitag 9:00 bis 17:30<br \/>E-Mail: <a title=\"E-Mail-Segeln in Utrecht\" href=\"mailto:info@vareninutrecht.nl\">info@vareninutrecht.nl<\/a><br \/>Telefon: 030 &#8211; 231 36 53<br \/>Mobil: 06 &#8211; 2444 1613<strong>(nur in Notf\u00e4llen<\/strong>)<\/p>\n<p><strong>Schiffsanlegestelle:<\/strong><br \/>Oudegracht 175W<br \/>Weitere Informationen zur<a href=\"https:\/\/vareninutrecht.nl\/de\/schiffsanleger\/\" title=\"Anlegestelle\"> Schiffsanlegestelle<\/a> anzeigen<\/p>\n<p><strong>Weitere Informationen:<\/strong><br \/>Handelskammernummer: 30185121<br \/><span style=\"line-height: 1.5;\">Umsatzsteuernummer: NL002006990B18<\/span><span style=\"line-height: 1.5;\"><br \/><\/span><span style=\"line-height: 1.5;\">IBAN: NL69 INGB 0004 6899 89<br \/><\/span>BIC: INGBNL2A<\/p>\n<p>[\/et_pb_text][\/et_pb_column][et_pb_column _builder_version=&#8220;4.27.4&#8243; _module_preset=&#8220;default&#8220; type=&#8220;2_5&#8243;][et_pb_image src=&#8220;https:\/\/vareninutrecht.nl\/wp-content\/uploads\/Ronald-mobiel-2023-en-2024-5687-scaled.jpg&#8220; alt=&#8220;Betriebsausflug Segeln in Utrecht&#8220; title_text=&#8220;oplus_34&#8243; _builder_version=&#8220;4.27.4&#8243; _module_preset=&#8220;default&#8220; hover_enabled=&#8220;0&#8243; global_colors_info=&#8220;{}&#8220; sticky_enabled=&#8220;0&#8243; border_radii=&#8220;on|10px|10px|10px|10px&#8220;][\/et_pb_image][\/et_pb_column][\/et_pb_row][\/et_pb_section]<\/p>\n","protected":false},"excerpt":{"rendered":"<p>Kontakt Wir bevorzugen Anfragen \u00fcber das Internet.Unser Buchungsb\u00fcro ist an den Wochenenden geschlossen. Varen in Utrecht.nlPostanschrift und B\u00fcro:Oudegracht 175 W (aan de werf)3511 NE UtrechtView via Google MapsView directions B\u00fcrozeiten:Von M\u00e4rz bis NovemberMontag bis Freitag 9:00 bis 17:30E-Mail: info@vareninutrecht.nlTelefon: 030 &#8211; 231 36 53Mobil: 06 &#8211; 2444 1613(nur in Notf\u00e4llen) Schiffsanlegestelle:Oudegracht 175WWeitere Informationen zur Schiffsanlegestelle\u2026 <a href=\"https:\/\/vareninutrecht.nl\/de\/kontakt\/\">Read More &raquo;<\/a><\/p>\n","protected":false},"author":3,"featured_media":0,"parent":0,"menu_order":36,"comment_status":"open","ping_status":"open","template":"","meta":{"_acf_changed":false,"_et_pb_use_builder":"on","_et_pb_old_content":"","_et_gb_content_width":"","footnotes":""},"class_list":["post-1377498","page","type-page","status-publish","hentry"],"acf":[],"_links":{"self":[{"href":"https:\/\/vareninutrecht.nl\/de\/wp-json\/wp\/v2\/pages\/1377498","targetHints":{"allow":["GET"]}}],"collection":[{"href":"https:\/\/vareninutrecht.nl\/de\/wp-json\/wp\/v2\/pages"}],"about":[{"href":"https:\/\/vareninutrecht.nl\/de\/wp-json\/wp\/v2\/types\/page"}],"author":[{"embeddable":true,"href":"https:\/\/vareninutrecht.nl\/de\/wp-json\/wp\/v2\/users\/3"}],"replies":[{"embeddable":true,"href":"https:\/\/vareninutrecht.nl\/de\/wp-json\/wp\/v2\/comments?post=1377498"}],"version-history":[{"count":3,"href":"https:\/\/vareninutrecht.nl\/de\/wp-json\/wp\/v2\/pages\/1377498\/revisions"}],"predecessor-version":[{"id":1383215,"href":"https:\/\/vareninutrecht.nl\/de\/wp-json\/wp\/v2\/pages\/1377498\/revisions\/1383215"}],"wp:attachment":[{"href":"https:\/\/vareninutrecht.nl\/de\/wp-json\/wp\/v2\/media?parent=1377498"}],"curies":[{"name":"wp","href":"https:\/\/api.w.org\/{rel}","templated":true}]}}